{"id":1015,"date":"2017-04-03T10:12:57","date_gmt":"2017-04-03T10:12:57","guid":{"rendered":"https:\/\/notoriginalminis.com\/en\/?page_id=1015"},"modified":"2017-04-03T10:13:21","modified_gmt":"2017-04-03T10:13:21","slug":"hellsing","status":"publish","type":"page","link":"https:\/\/notoriginalminis.com\/en\/your-figure\/hellsing\/","title":{"rendered":"Hellsing"},"content":{"rendered":"<p><img decoding=\"async\" loading=\"lazy\" class=\"aligncenter size-full wp-image-1016\" src=\"https:\/\/notoriginalminis.com\/en\/wp-content\/uploads\/sites\/2\/2017\/04\/IMG_1246.jpg\" alt=\"\" width=\"564\" height=\"564\" srcset=\"https:\/\/notoriginalminis.com\/en\/wp-content\/uploads\/sites\/2\/2017\/04\/IMG_1246.jpg 564w, https:\/\/notoriginalminis.com\/en\/wp-content\/uploads\/sites\/2\/2017\/04\/IMG_1246-150x150.jpg 150w, https:\/\/notoriginalminis.com\/en\/wp-content\/uploads\/sites\/2\/2017\/04\/IMG_1246-300x300.jpg 300w, https:\/\/notoriginalminis.com\/en\/wp-content\/uploads\/sites\/2\/2017\/04\/IMG_1246-500x500.jpg 500w, https:\/\/notoriginalminis.com\/en\/wp-content\/uploads\/sites\/2\/2017\/04\/IMG_1246-180x180.jpg 180w\" sizes=\"(max-width: 564px) 100vw, 564px\"><\/p>\n<p style=\"text-align: center;\">Espa\u00f1ol<\/p>\n<ul>\n<li><em>Autor de la imagen:<\/em>&nbsp;Creo que Adrian Smith<\/li>\n<li><em>Escala:<\/em>&nbsp;54mm<\/li>\n<li><em>Nombre:<\/em>&nbsp;B\u00e1rbaro&nbsp;<\/li>\n<li><em>\u00bfQu\u00e9 tendr\u00eda de especial esta figura en comparaci\u00f3n a otras del mercado?&nbsp;<\/em><\/li>\n<\/ul>\n<p>Existen otras en el mercado as\u00ed pero no con esta pose. Buscamos siempre poses buenas estilo Latorre. Volver\u00edamos a los viejos tiempos de 54mm.<\/p>\n<ul>\n<li><em>\u00bfQu\u00e9 posibilidades de pintado le ves? (Por ejemplo, doble iluminaci\u00f3n, distintos materiales, complejidad de iluminaci\u00f3n en metales y reflejos, rigor hist\u00f3rico y su estudio, freehands, riqueza de colores, etc):&nbsp;<\/em><\/li>\n<\/ul>\n<p>Muchos materiales distintos como pelo, metal, piel, realismo.<\/p>\n<ul>\n<li><em>\u00bfLe harias alguna modificaci\u00f3n? (Por ejemplo: alg\u00fan arma de m\u00e1s, distinta pose, etc)<\/em><\/li>\n<\/ul>\n<p>Supongo que no.<\/p>\n<ul>\n<li><em>\u00bfA qu\u00e9 tipo de p\u00fablico va dirigida? (Por ejemplo: hist\u00f3ricos, de fantasia, jugones, obsesionados con las hurones, etc)<\/em><\/li>\n<\/ul>\n<p>Sobre todo a los de hist\u00f3rico pero tambi\u00e9n fantas\u00eda.<\/p>\n<ul>\n<li>\n<p class=\"x_p2\">\u00bfPorque crees que tendremos \u00e9xito con ella? (Partimos de la base que seguro que lo tendr\u00e1 ? )<\/p>\n<\/li>\n<\/ul>\n<p>Es una figura que se vende sola. Adem\u00e1s siendo de 54mm la pondr\u00eda m\u00e1s barata.<\/p>\n<p>Gracias<\/p>\n<p>&nbsp;<\/p>\n<p style=\"text-align: center;\">English<\/p>\n<ul>\n<li>Image Author:&nbsp;Think Adrian Smith<\/li>\n<li>Scale: 54mm<\/li>\n<li>Name of the figure:&nbsp;Barbarian<\/li>\n<li>What would be special about this figure in comparison to others in the market?<\/li>\n<\/ul>\n<p>There are others on the market as well but not with this pose. We always look for good Latorre style poses. We would go back to the old times of 54mm.<\/p>\n<ul>\n<li>What possibilities of painting do you see? (For example, double source of light, different materials, lighting complexity in metals and reflections, historical rigor and study, freehands, richness of colors, etc.)<\/li>\n<\/ul>\n<p>Many different materials like hair, metal, skin, realism.<\/p>\n<ul>\n<li>Would you do any modification? (For example: another weapon, different pose, etc.)<\/li>\n<\/ul>\n<p>I suppose not.<\/p>\n<ul>\n<li>What type of audience is targeted? (For example: historical, fantasy, players, obsessed with ferrets, etc.)<\/li>\n<\/ul>\n<p>Especially those of historical but also fantasy.<\/p>\n<ul>\n<li>Why do you think we will succeed with it? (We start from the base that we will do :))<\/li>\n<\/ul>\n<p>It is a figure that sells itself. Also being 54mm would make it cheaper.<\/p>\n<p>Thank you<\/p>\n<p><strong>Para Votar,<\/strong>&nbsp;comenta o manda un mail<strong>\/to Vote,&nbsp;<\/strong>comment or send a mail<strong>: orders@notoriginalminis.com<\/strong><\/p>\n","protected":false},"excerpt":{"rendered":"<p>Espa\u00f1ol Autor de la imagen:&nbsp;Creo que Adrian Smith Escala:&nbsp;54mm Nombre:&nbsp;B\u00e1rbaro&nbsp; \u00bfQu\u00e9 tendr\u00eda de especial esta figura en comparaci\u00f3n a otras del mercado?&nbsp; Existen otras en el mercado as\u00ed pero no con esta pose. Buscamos siempre poses buenas estilo Latorre. Volver\u00edamos a los viejos tiempos de 54mm. \u00bfQu\u00e9 posibilidades de pintado le ves? (Por ejemplo, doble [&hellip;]<\/p>\n","protected":false},"author":2,"featured_media":0,"parent":395,"menu_order":0,"comment_status":"open","ping_status":"closed","template":"","meta":{"_bbp_topic_count":0,"_bbp_reply_count":0,"_bbp_total_topic_count":0,"_bbp_total_reply_count":0,"_bbp_voice_count":0,"_bbp_anonymous_reply_count":0,"_bbp_topic_count_hidden":0,"_bbp_reply_count_hidden":0,"_bbp_forum_subforum_count":0,"_genesis_hide_title":false,"_genesis_hide_breadcrumbs":false,"_genesis_hide_singular_image":false,"_genesis_hide_footer_widgets":false,"_genesis_custom_body_class":"","_genesis_custom_post_class":"","_genesis_layout":"","footnotes":""},"yoast_head":"<!-- This site is optimized with the Yoast SEO plugin v21.7 - https:\/\/yoast.com\/wordpress\/plugins\/seo\/ -->\n<title>Hellsing - NotOriginalMinis<\/title>\n<meta name=\"robots\" content=\"index, follow, max-snippet:-1, max-image-preview:large, max-video-preview:-1\" \/>\n<link rel=\"canonical\" href=\"https:\/\/notoriginalminis.com\/en\/your-figure\/hellsing\/\" \/>\n<meta property=\"og:locale\" content=\"en_US\" \/>\n<meta property=\"og:type\" content=\"article\" \/>\n<meta property=\"og:title\" content=\"Hellsing - NotOriginalMinis\" \/>\n<meta property=\"og:description\" content=\"Espa\u00f1ol Autor de la imagen:&nbsp;Creo que Adrian Smith Escala:&nbsp;54mm Nombre:&nbsp;B\u00e1rbaro&nbsp; \u00bfQu\u00e9 tendr\u00eda de especial esta figura en comparaci\u00f3n a otras del mercado?&nbsp; Existen otras en el mercado as\u00ed pero no con esta pose. Buscamos siempre poses buenas estilo Latorre. Volver\u00edamos a los viejos tiempos de 54mm. \u00bfQu\u00e9 posibilidades de pintado le ves? (Por ejemplo, doble [&hellip;]\" \/>\n<meta property=\"og:url\" content=\"https:\/\/notoriginalminis.com\/en\/your-figure\/hellsing\/\" \/>\n<meta property=\"og:site_name\" content=\"NotOriginalMinis\" \/>\n<meta property=\"article:modified_time\" content=\"2017-04-03T10:13:21+00:00\" \/>\n<meta property=\"og:image\" content=\"https:\/\/notoriginalminis.com\/en\/wp-content\/uploads\/sites\/2\/2017\/04\/IMG_1246.jpg\" \/>\n<meta name=\"twitter:card\" content=\"summary_large_image\" \/>\n<meta name=\"twitter:label1\" content=\"Est. reading time\" \/>\n\t<meta name=\"twitter:data1\" content=\"2 minutes\" \/>\n<script type=\"application\/ld+json\" class=\"yoast-schema-graph\">{\"@context\":\"https:\/\/schema.org\",\"@graph\":[{\"@type\":\"WebPage\",\"@id\":\"https:\/\/notoriginalminis.com\/en\/your-figure\/hellsing\/\",\"url\":\"https:\/\/notoriginalminis.com\/en\/your-figure\/hellsing\/\",\"name\":\"Hellsing - NotOriginalMinis\",\"isPartOf\":{\"@id\":\"https:\/\/notoriginalminis.com\/en\/#website\"},\"datePublished\":\"2017-04-03T10:12:57+00:00\",\"dateModified\":\"2017-04-03T10:13:21+00:00\",\"breadcrumb\":{\"@id\":\"https:\/\/notoriginalminis.com\/en\/your-figure\/hellsing\/#breadcrumb\"},\"inLanguage\":\"en-US\",\"potentialAction\":[{\"@type\":\"ReadAction\",\"target\":[\"https:\/\/notoriginalminis.com\/en\/your-figure\/hellsing\/\"]}]},{\"@type\":\"BreadcrumbList\",\"@id\":\"https:\/\/notoriginalminis.com\/en\/your-figure\/hellsing\/#breadcrumb\",\"itemListElement\":[{\"@type\":\"ListItem\",\"position\":1,\"name\":\"Portada\",\"item\":\"https:\/\/notoriginalminis.com\/en\/\"},{\"@type\":\"ListItem\",\"position\":2,\"name\":\"Your Figure\",\"item\":\"https:\/\/notoriginalminis.com\/en\/your-figure\/\"},{\"@type\":\"ListItem\",\"position\":3,\"name\":\"Hellsing\"}]},{\"@type\":\"WebSite\",\"@id\":\"https:\/\/notoriginalminis.com\/en\/#website\",\"url\":\"https:\/\/notoriginalminis.com\/en\/\",\"name\":\"NotOriginalMinis\",\"description\":\"Creating &amp; Painting Unique Miniatures\",\"potentialAction\":[{\"@type\":\"SearchAction\",\"target\":{\"@type\":\"EntryPoint\",\"urlTemplate\":\"https:\/\/notoriginalminis.com\/en\/?s={search_term_string}\"},\"query-input\":\"required name=search_term_string\"}],\"inLanguage\":\"en-US\"}]}<\/script>\n<!-- \/ Yoast SEO plugin. -->","yoast_head_json":{"title":"Hellsing - NotOriginalMinis","robots":{"index":"index","follow":"follow","max-snippet":"max-snippet:-1","max-image-preview":"max-image-preview:large","max-video-preview":"max-video-preview:-1"},"canonical":"https:\/\/notoriginalminis.com\/en\/your-figure\/hellsing\/","og_locale":"en_US","og_type":"article","og_title":"Hellsing - NotOriginalMinis","og_description":"Espa\u00f1ol Autor de la imagen:&nbsp;Creo que Adrian Smith Escala:&nbsp;54mm Nombre:&nbsp;B\u00e1rbaro&nbsp; \u00bfQu\u00e9 tendr\u00eda de especial esta figura en comparaci\u00f3n a otras del mercado?&nbsp; Existen otras en el mercado as\u00ed pero no con esta pose. Buscamos siempre poses buenas estilo Latorre. Volver\u00edamos a los viejos tiempos de 54mm. \u00bfQu\u00e9 posibilidades de pintado le ves? (Por ejemplo, doble [&hellip;]","og_url":"https:\/\/notoriginalminis.com\/en\/your-figure\/hellsing\/","og_site_name":"NotOriginalMinis","article_modified_time":"2017-04-03T10:13:21+00:00","og_image":[{"url":"https:\/\/notoriginalminis.com\/en\/wp-content\/uploads\/sites\/2\/2017\/04\/IMG_1246.jpg"}],"twitter_card":"summary_large_image","twitter_misc":{"Est. reading time":"2 minutes"},"schema":{"@context":"https:\/\/schema.org","@graph":[{"@type":"WebPage","@id":"https:\/\/notoriginalminis.com\/en\/your-figure\/hellsing\/","url":"https:\/\/notoriginalminis.com\/en\/your-figure\/hellsing\/","name":"Hellsing - NotOriginalMinis","isPartOf":{"@id":"https:\/\/notoriginalminis.com\/en\/#website"},"datePublished":"2017-04-03T10:12:57+00:00","dateModified":"2017-04-03T10:13:21+00:00","breadcrumb":{"@id":"https:\/\/notoriginalminis.com\/en\/your-figure\/hellsing\/#breadcrumb"},"inLanguage":"en-US","potentialAction":[{"@type":"ReadAction","target":["https:\/\/notoriginalminis.com\/en\/your-figure\/hellsing\/"]}]},{"@type":"BreadcrumbList","@id":"https:\/\/notoriginalminis.com\/en\/your-figure\/hellsing\/#breadcrumb","itemListElement":[{"@type":"ListItem","position":1,"name":"Portada","item":"https:\/\/notoriginalminis.com\/en\/"},{"@type":"ListItem","position":2,"name":"Your Figure","item":"https:\/\/notoriginalminis.com\/en\/your-figure\/"},{"@type":"ListItem","position":3,"name":"Hellsing"}]},{"@type":"WebSite","@id":"https:\/\/notoriginalminis.com\/en\/#website","url":"https:\/\/notoriginalminis.com\/en\/","name":"NotOriginalMinis","description":"Creating &amp; Painting Unique Miniatures","potentialAction":[{"@type":"SearchAction","target":{"@type":"EntryPoint","urlTemplate":"https:\/\/notoriginalminis.com\/en\/?s={search_term_string}"},"query-input":"required name=search_term_string"}],"inLanguage":"en-US"}]}},"jetpack_sharing_enabled":true,"_links":{"self":[{"href":"https:\/\/notoriginalminis.com\/en\/wp-json\/wp\/v2\/pages\/1015"}],"collection":[{"href":"https:\/\/notoriginalminis.com\/en\/wp-json\/wp\/v2\/pages"}],"about":[{"href":"https:\/\/notoriginalminis.com\/en\/wp-json\/wp\/v2\/types\/page"}],"author":[{"embeddable":true,"href":"https:\/\/notoriginalminis.com\/en\/wp-json\/wp\/v2\/users\/2"}],"replies":[{"embeddable":true,"href":"https:\/\/notoriginalminis.com\/en\/wp-json\/wp\/v2\/comments?post=1015"}],"version-history":[{"count":2,"href":"https:\/\/notoriginalminis.com\/en\/wp-json\/wp\/v2\/pages\/1015\/revisions"}],"predecessor-version":[{"id":15144,"href":"https:\/\/notoriginalminis.com\/en\/wp-json\/wp\/v2\/pages\/1015\/revisions\/15144"}],"up":[{"embeddable":true,"href":"https:\/\/notoriginalminis.com\/en\/wp-json\/wp\/v2\/pages\/395"}],"wp:attachment":[{"href":"https:\/\/notoriginalminis.com\/en\/wp-json\/wp\/v2\/media?parent=1015"}],"curies":[{"name":"wp","href":"https:\/\/api.w.org\/{rel}","templated":true}]}}