{"id":634,"date":"2017-02-13T11:14:00","date_gmt":"2017-02-13T11:14:00","guid":{"rendered":"https:\/\/notoriginalminis.com\/en\/?page_id=634"},"modified":"2017-02-13T11:14:59","modified_gmt":"2017-02-13T11:14:59","slug":"marco-antonio-hernandez","status":"publish","type":"page","link":"https:\/\/notoriginalminis.com\/en\/marco-antonio-hernandez\/","title":{"rendered":"Marco Antonio Hern\u00e1ndez"},"content":{"rendered":"<p><img decoding=\"async\" loading=\"lazy\" class=\"size-full wp-image-628 aligncenter\" src=\"https:\/\/notoriginalminis.com\/en\/wp-content\/uploads\/sites\/2\/2017\/01\/guerrero-enano.jpg\" alt=\"\" width=\"587\" height=\"899\" srcset=\"https:\/\/notoriginalminis.com\/en\/wp-content\/uploads\/sites\/2\/2017\/01\/guerrero-enano.jpg 587w, https:\/\/notoriginalminis.com\/en\/wp-content\/uploads\/sites\/2\/2017\/01\/guerrero-enano-196x300.jpg 196w\" sizes=\"(max-width: 587px) 100vw, 587px\"><\/p>\n<p style=\"text-align: center;\">Espa\u00f1ol<\/p>\n<ul>\n<li><em>Autor de la imagen:<\/em> desconozco de pinterest<\/li>\n<li><em>Escala:<\/em>&nbsp;70mm<\/li>\n<li><em>Nombre:<\/em>&nbsp;Al final<\/li>\n<li><em>\u00bfQu\u00e9 tendr\u00eda de especial esta figura en comparaci\u00f3n a otras del mercado?&nbsp;<\/em><\/li>\n<\/ul>\n<p>Pues creo que hay pocas figuras de esta escala, las que hay est\u00e1n en posesi\u00f3n agresivas y est\u00e1 me parece que gustar\u00e1, ya que es el final, el acabar la batalla, aportar\u00e1 al comprador un sin fin de composiciones con ella<\/p>\n<ul>\n<li><em>\u00bfQu\u00e9 posibilidades de pintado le ves? (Por ejemplo, doble iluminaci\u00f3n, distintos materiales, complejidad de iluminaci\u00f3n en metales y reflejos, rigor hist\u00f3rico y su estudio, freehands, riqueza de colores, etc):&nbsp;<\/em><\/li>\n<\/ul>\n<p>En cuanto al pintado, optar\u00eda por las doble iluminaci\u00f3n, texturas y metales combinando distintas t\u00e9cnicas, con tatuajes y muchos reflejos.<\/p>\n<ul>\n<li><em>\u00bfLe harias alguna modificaci\u00f3n? (Por ejemplo: alg\u00fan arma de m\u00e1s, distinta pose, etc)<\/em><\/li>\n<\/ul>\n<p>Le dar\u00eda movimiento, quiz\u00e1s a sus trenzas algo m\u00e1s de pelo largo al viento y le a\u00f1adir\u00eda una capa con capucha, que si mucho enano pero tienen fr\u00edo tambi\u00e9n<\/p>\n<ul>\n<li><em>\u00bfA qu\u00e9 tipo de p\u00fablico va dirigida? (Por ejemplo: hist\u00f3ricos, de fantasia, jugones, obsesionados con las hurones, etc)<\/em><\/li>\n<\/ul>\n<p>Yo creo que ser\u00e1 elegido por muchos ya que es un o es que requiere mucha t\u00e9cnica y la cual puede ser encuadrada en muchas escenas, fantas\u00eda\/coleccionista en general.<\/p>\n<ul>\n<li>\n<p class=\"x_p2\">\u00bfPorque crees que tendremos \u00e9xito con ella? (Partimos de la base que seguro que lo tendr\u00e1 ? )<\/p>\n<\/li>\n<\/ul>\n<p>Creo que al tipo de comprador\/coleccionista le gustan este tipo de figuras, entre ellos yo,por qu\u00e9 no veo muchas con estas caracter\u00edsticas, como ya dije son siempre agresivas o en poses algo forzadas y que cuenta algo sobre este enano.<br \/>\n&nbsp;<br \/>\nBueno espero os guste y entender\u00e9 que no se elija por qu\u00e9 siempre hay otras mejores saludos.<\/p>\n<p style=\"text-align: center;\">English<\/p>\n<ul>\n<li class=\"x_p1\">Image Author: unknown from pinterest<\/li>\n<li class=\"x_p1\">Scale: 70mm<\/li>\n<li class=\"x_p1\">Name of the figure: At the end<\/li>\n<li class=\"x_p1\">What would be special about this figure in comparison to others in the market?<\/li>\n<\/ul>\n<p class=\"x_p1\">Well I think there are few figures of this scale, &nbsp;those who are in aggressive attitude and it seems to me that it will be a success, since it is the end, the end of the battle, will bring to the buyer an endless number of compositions with it.<\/p>\n<ul>\n<li class=\"x_p1\">What possibilities of painting do you see? (For example, double source of light, different materials, lighting complexity in metals and reflections, historical rigor and study, freehands, richness of colors, etc.)<\/li>\n<\/ul>\n<p>For painting, I would opt for double lighting, textures and metals combining different techniques, with tattoos and many reflections.<\/p>\n<ul>\n<li>Would you do any modification? (For example: another weapon, different pose, etc.)<\/li>\n<\/ul>\n<p class=\"x_p1\">I&nbsp;would give him movement, perhaps his braids a little more long hair in the wind and would add a hooded cloak, I know it&#8217;s a&nbsp;dwarf but they are also cold<\/p>\n<ul>\n<li class=\"x_p1\">What type of audience is targeted? (For example: historical, fantasy, players, obsessed with ferrets, etc.)<\/li>\n<\/ul>\n<p class=\"x_p1\">I think it will be chosen by many cause&nbsp;it requires a lot of technique and which can be framed in many scenes, fantasy \/ collector in general.<\/p>\n<ul>\n<li class=\"x_p1\">Why do you think we will succeed with it? (We start from the base that we will do :))<\/li>\n<\/ul>\n<p>I think the type of buyer \/ collector likes this type of figures, among them I, why I do not see many with these characteristics, as I said they are always aggressive or in somewhat forced poses.<\/p>\n<p>Well I hope you like it and I will understand that you do not choose why there are always other best greetings.<\/p>\n<p><strong>Para Votar,<\/strong>&nbsp;comenta o manda un mail<strong>\/to Vote,&nbsp;<\/strong>comment or send a mail<strong>: orders@notoriginalminis.com<\/strong><\/p>\n","protected":false},"excerpt":{"rendered":"<p>Espa\u00f1ol Autor de la imagen: desconozco de pinterest Escala:&nbsp;70mm Nombre:&nbsp;Al final \u00bfQu\u00e9 tendr\u00eda de especial esta figura en comparaci\u00f3n a otras del mercado?&nbsp; Pues creo que hay pocas figuras de esta escala, las que hay est\u00e1n en posesi\u00f3n agresivas y est\u00e1 me parece que gustar\u00e1, ya que es el final, el acabar la batalla, aportar\u00e1 [&hellip;]<\/p>\n","protected":false},"author":2,"featured_media":0,"parent":0,"menu_order":0,"comment_status":"open","ping_status":"closed","template":"","meta":{"_bbp_topic_count":0,"_bbp_reply_count":0,"_bbp_total_topic_count":0,"_bbp_total_reply_count":0,"_bbp_voice_count":0,"_bbp_anonymous_reply_count":0,"_bbp_topic_count_hidden":0,"_bbp_reply_count_hidden":0,"_bbp_forum_subforum_count":0,"_genesis_hide_title":false,"_genesis_hide_breadcrumbs":false,"_genesis_hide_singular_image":false,"_genesis_hide_footer_widgets":false,"_genesis_custom_body_class":"","_genesis_custom_post_class":"","_genesis_layout":"","footnotes":""},"yoast_head":"<!-- This site is optimized with the Yoast SEO plugin v21.7 - https:\/\/yoast.com\/wordpress\/plugins\/seo\/ -->\n<title>Marco Antonio Hern\u00e1ndez - NotOriginalMinis<\/title>\n<meta name=\"robots\" content=\"index, follow, max-snippet:-1, max-image-preview:large, max-video-preview:-1\" \/>\n<link rel=\"canonical\" href=\"https:\/\/notoriginalminis.com\/en\/marco-antonio-hernandez\/\" \/>\n<meta property=\"og:locale\" content=\"en_US\" \/>\n<meta property=\"og:type\" content=\"article\" \/>\n<meta property=\"og:title\" content=\"Marco Antonio Hern\u00e1ndez - NotOriginalMinis\" \/>\n<meta property=\"og:description\" content=\"Espa\u00f1ol Autor de la imagen: desconozco de pinterest Escala:&nbsp;70mm Nombre:&nbsp;Al final \u00bfQu\u00e9 tendr\u00eda de especial esta figura en comparaci\u00f3n a otras del mercado?&nbsp; Pues creo que hay pocas figuras de esta escala, las que hay est\u00e1n en posesi\u00f3n agresivas y est\u00e1 me parece que gustar\u00e1, ya que es el final, el acabar la batalla, aportar\u00e1 [&hellip;]\" \/>\n<meta property=\"og:url\" content=\"https:\/\/notoriginalminis.com\/en\/marco-antonio-hernandez\/\" \/>\n<meta property=\"og:site_name\" content=\"NotOriginalMinis\" \/>\n<meta property=\"article:modified_time\" content=\"2017-02-13T11:14:59+00:00\" \/>\n<meta property=\"og:image\" content=\"https:\/\/notoriginalminis.com\/en\/wp-content\/uploads\/sites\/2\/2017\/01\/guerrero-enano.jpg\" \/>\n<meta name=\"twitter:card\" content=\"summary_large_image\" \/>\n<meta name=\"twitter:label1\" content=\"Est. reading time\" \/>\n\t<meta name=\"twitter:data1\" content=\"3 minutes\" \/>\n<script type=\"application\/ld+json\" class=\"yoast-schema-graph\">{\"@context\":\"https:\/\/schema.org\",\"@graph\":[{\"@type\":\"WebPage\",\"@id\":\"https:\/\/notoriginalminis.com\/en\/marco-antonio-hernandez\/\",\"url\":\"https:\/\/notoriginalminis.com\/en\/marco-antonio-hernandez\/\",\"name\":\"Marco Antonio Hern\u00e1ndez - NotOriginalMinis\",\"isPartOf\":{\"@id\":\"https:\/\/notoriginalminis.com\/en\/#website\"},\"datePublished\":\"2017-02-13T11:14:00+00:00\",\"dateModified\":\"2017-02-13T11:14:59+00:00\",\"breadcrumb\":{\"@id\":\"https:\/\/notoriginalminis.com\/en\/marco-antonio-hernandez\/#breadcrumb\"},\"inLanguage\":\"en-US\",\"potentialAction\":[{\"@type\":\"ReadAction\",\"target\":[\"https:\/\/notoriginalminis.com\/en\/marco-antonio-hernandez\/\"]}]},{\"@type\":\"BreadcrumbList\",\"@id\":\"https:\/\/notoriginalminis.com\/en\/marco-antonio-hernandez\/#breadcrumb\",\"itemListElement\":[{\"@type\":\"ListItem\",\"position\":1,\"name\":\"Portada\",\"item\":\"https:\/\/notoriginalminis.com\/en\/\"},{\"@type\":\"ListItem\",\"position\":2,\"name\":\"Marco Antonio Hern\u00e1ndez\"}]},{\"@type\":\"WebSite\",\"@id\":\"https:\/\/notoriginalminis.com\/en\/#website\",\"url\":\"https:\/\/notoriginalminis.com\/en\/\",\"name\":\"NotOriginalMinis\",\"description\":\"Creating &amp; Painting Unique Miniatures\",\"potentialAction\":[{\"@type\":\"SearchAction\",\"target\":{\"@type\":\"EntryPoint\",\"urlTemplate\":\"https:\/\/notoriginalminis.com\/en\/?s={search_term_string}\"},\"query-input\":\"required name=search_term_string\"}],\"inLanguage\":\"en-US\"}]}<\/script>\n<!-- \/ Yoast SEO plugin. -->","yoast_head_json":{"title":"Marco Antonio Hern\u00e1ndez - NotOriginalMinis","robots":{"index":"index","follow":"follow","max-snippet":"max-snippet:-1","max-image-preview":"max-image-preview:large","max-video-preview":"max-video-preview:-1"},"canonical":"https:\/\/notoriginalminis.com\/en\/marco-antonio-hernandez\/","og_locale":"en_US","og_type":"article","og_title":"Marco Antonio Hern\u00e1ndez - NotOriginalMinis","og_description":"Espa\u00f1ol Autor de la imagen: desconozco de pinterest Escala:&nbsp;70mm Nombre:&nbsp;Al final \u00bfQu\u00e9 tendr\u00eda de especial esta figura en comparaci\u00f3n a otras del mercado?&nbsp; Pues creo que hay pocas figuras de esta escala, las que hay est\u00e1n en posesi\u00f3n agresivas y est\u00e1 me parece que gustar\u00e1, ya que es el final, el acabar la batalla, aportar\u00e1 [&hellip;]","og_url":"https:\/\/notoriginalminis.com\/en\/marco-antonio-hernandez\/","og_site_name":"NotOriginalMinis","article_modified_time":"2017-02-13T11:14:59+00:00","og_image":[{"url":"https:\/\/notoriginalminis.com\/en\/wp-content\/uploads\/sites\/2\/2017\/01\/guerrero-enano.jpg"}],"twitter_card":"summary_large_image","twitter_misc":{"Est. reading time":"3 minutes"},"schema":{"@context":"https:\/\/schema.org","@graph":[{"@type":"WebPage","@id":"https:\/\/notoriginalminis.com\/en\/marco-antonio-hernandez\/","url":"https:\/\/notoriginalminis.com\/en\/marco-antonio-hernandez\/","name":"Marco Antonio Hern\u00e1ndez - NotOriginalMinis","isPartOf":{"@id":"https:\/\/notoriginalminis.com\/en\/#website"},"datePublished":"2017-02-13T11:14:00+00:00","dateModified":"2017-02-13T11:14:59+00:00","breadcrumb":{"@id":"https:\/\/notoriginalminis.com\/en\/marco-antonio-hernandez\/#breadcrumb"},"inLanguage":"en-US","potentialAction":[{"@type":"ReadAction","target":["https:\/\/notoriginalminis.com\/en\/marco-antonio-hernandez\/"]}]},{"@type":"BreadcrumbList","@id":"https:\/\/notoriginalminis.com\/en\/marco-antonio-hernandez\/#breadcrumb","itemListElement":[{"@type":"ListItem","position":1,"name":"Portada","item":"https:\/\/notoriginalminis.com\/en\/"},{"@type":"ListItem","position":2,"name":"Marco Antonio Hern\u00e1ndez"}]},{"@type":"WebSite","@id":"https:\/\/notoriginalminis.com\/en\/#website","url":"https:\/\/notoriginalminis.com\/en\/","name":"NotOriginalMinis","description":"Creating &amp; Painting Unique Miniatures","potentialAction":[{"@type":"SearchAction","target":{"@type":"EntryPoint","urlTemplate":"https:\/\/notoriginalminis.com\/en\/?s={search_term_string}"},"query-input":"required name=search_term_string"}],"inLanguage":"en-US"}]}},"jetpack_sharing_enabled":true,"_links":{"self":[{"href":"https:\/\/notoriginalminis.com\/en\/wp-json\/wp\/v2\/pages\/634"}],"collection":[{"href":"https:\/\/notoriginalminis.com\/en\/wp-json\/wp\/v2\/pages"}],"about":[{"href":"https:\/\/notoriginalminis.com\/en\/wp-json\/wp\/v2\/types\/page"}],"author":[{"embeddable":true,"href":"https:\/\/notoriginalminis.com\/en\/wp-json\/wp\/v2\/users\/2"}],"replies":[{"embeddable":true,"href":"https:\/\/notoriginalminis.com\/en\/wp-json\/wp\/v2\/comments?post=634"}],"version-history":[{"count":2,"href":"https:\/\/notoriginalminis.com\/en\/wp-json\/wp\/v2\/pages\/634\/revisions"}],"predecessor-version":[{"id":636,"href":"https:\/\/notoriginalminis.com\/en\/wp-json\/wp\/v2\/pages\/634\/revisions\/636"}],"wp:attachment":[{"href":"https:\/\/notoriginalminis.com\/en\/wp-json\/wp\/v2\/media?parent=634"}],"curies":[{"name":"wp","href":"https:\/\/api.w.org\/{rel}","templated":true}]}}