{"id":638,"date":"2017-02-13T11:30:19","date_gmt":"2017-02-13T11:30:19","guid":{"rendered":"https:\/\/notoriginalminis.com\/en\/?page_id=638"},"modified":"2017-02-13T11:50:28","modified_gmt":"2017-02-13T11:50:28","slug":"miguel-cabezas","status":"publish","type":"page","link":"https:\/\/notoriginalminis.com\/en\/miguel-cabezas\/","title":{"rendered":"Miguel Cabezas"},"content":{"rendered":"<p><img decoding=\"async\" loading=\"lazy\" class=\"aligncenter size-full wp-image-639\" src=\"https:\/\/notoriginalminis.com\/en\/wp-content\/uploads\/sites\/2\/2017\/02\/jing-yin-.jpg\" alt=\"\" width=\"1263\" height=\"893\" srcset=\"https:\/\/notoriginalminis.com\/en\/wp-content\/uploads\/sites\/2\/2017\/02\/jing-yin-.jpg 1263w, https:\/\/notoriginalminis.com\/en\/wp-content\/uploads\/sites\/2\/2017\/02\/jing-yin--300x212.jpg 300w, https:\/\/notoriginalminis.com\/en\/wp-content\/uploads\/sites\/2\/2017\/02\/jing-yin--768x543.jpg 768w, https:\/\/notoriginalminis.com\/en\/wp-content\/uploads\/sites\/2\/2017\/02\/jing-yin--1024x724.jpg 1024w, https:\/\/notoriginalminis.com\/en\/wp-content\/uploads\/sites\/2\/2017\/02\/jing-yin--600x424.jpg 600w\" sizes=\"(max-width: 1263px) 100vw, 1263px\"><\/p>\n<p style=\"text-align: center;\">Espa\u00f1ol<\/p>\n<ul>\n<li><em>Autor de la imagen:<\/em> Freelance, http:\/\/weibo.com\/jysite , jingyinzao@163.com<\/li>\n<li><em>Escala:<\/em>&nbsp;75mm<\/li>\n<li><em>Nombre:<\/em>&nbsp;The Blind Sword<\/li>\n<li><em>\u00bfQu\u00e9 tendr\u00eda de especial esta figura en comparaci\u00f3n a otras del mercado?&nbsp;<\/em><\/li>\n<\/ul>\n<p>Existen otras de samurais pero ninguna como esta. Llevo mucho tiempo queriendo que alguien saque alguna parecida con muchas posibilidades a la hora de pintarla. Aunque no sea tan original se que ser\u00e1 todo un \u00e9xito. A todos nos gustan los samurais.<\/p>\n<ul>\n<li><em>\u00bfQu\u00e9 posibilidades de pintado le ves? (Por ejemplo, doble iluminaci\u00f3n, distintos materiales, complejidad de iluminaci\u00f3n en metales y reflejos, rigor hist\u00f3rico y su estudio, freehands, riqueza de colores, etc):&nbsp;<\/em><\/li>\n<\/ul>\n<p>Las posibilidades de pintado son muchas por la cantidad de materiales distintos que tiene. Metales, dibujos, etc. Ser\u00eda incre\u00edble poder pintarla.<\/p>\n<ul>\n<li><em>\u00bfLe harias alguna modificaci\u00f3n? (Por ejemplo: alg\u00fan arma de m\u00e1s, distinta pose, etc)<\/em><\/li>\n<\/ul>\n<p>Pues desde que la vi me encant\u00f3 el concepto pero quiz\u00e1s le quitar\u00eda la venda de los ojos y cambiar\u00eda el nombre. No se, que decidir. Todo lo dem\u00e1s est\u00e1 genial.<\/p>\n<ul>\n<li><em>\u00bfA qu\u00e9 tipo de p\u00fablico va dirigida? (Por ejemplo: hist\u00f3ricos, de fantasia, jugones, obsesionados con las hurones, etc)<\/em><\/li>\n<\/ul>\n<p>Fantasia e hist\u00f3rico (si le quitamos la venda)<\/p>\n<ul>\n<li>\n<p class=\"x_p2\">\u00bfPorque crees que tendremos \u00e9xito con ella? (Partimos de la base que seguro que lo tendr\u00e1 ? )<\/p>\n<\/li>\n<\/ul>\n<p>Como ya dije, creo que no hay ninguna mini de samurai tan completa como esta. La pose, las espadas, las placas, todo es incre\u00edble. Seguro que a muchos les gustar\u00e1 y ser\u00e1 todo un \u00e9xito. Y si le quitamos la venda los de hist\u00f3rico tambi\u00e9n la compraran.&nbsp;<\/p>\n<p>Gracias por esta gran oportunidad y ojal\u00e1 salga solo para tenerla en mis manos \ud83d\ude42<\/p>\n<p>&nbsp;<\/p>\n<p style=\"text-align: center;\">English<\/p>\n<ul>\n<li class=\"x_p1\">Image Author: Freelance, http:\/\/weibo.com\/jysite, jingyinzao@163.com<\/li>\n<li class=\"x_p1\">Scale: 75mm<\/li>\n<li class=\"x_p1\">Name of the figure:&nbsp;The Blind Sword<\/li>\n<li class=\"x_p1\">What would be special about this figure in comparison to others in the market?<\/li>\n<\/ul>\n<p class=\"x_p1\">There are other samurai but none like this. I have wanted someone to sale something like that with many possibilities when it comes to painting it. Even if it is not so original, it will be a success. We all like samurais.<\/p>\n<ul>\n<li class=\"x_p1\">What possibilities of painting do you see? (For example, double source of light, different materials, lighting complexity in metals and reflections, historical rigor and study, freehands, richness of colors, etc.)<\/li>\n<\/ul>\n<p>The possibilities of painting are many by the amount of different materials that it has. Metals, drawings, etc. It would be incredible to be able to paint it.<\/p>\n<ul>\n<li>Would you do any modification? (For example: another weapon, different pose, etc.)<\/li>\n<\/ul>\n<p class=\"x_p1\">Well since I saw him I loved the concept but maybe I would remove the bandage and change the name. I do not know what to decide. Everything else is great.<\/p>\n<ul>\n<li class=\"x_p1\">What type of audience is targeted? (For example: historical, fantasy, players, obsessed with ferrets, etc.)<\/li>\n<\/ul>\n<p class=\"x_p1\">Fantasy and historical (if we remove the bandage)<\/p>\n<ul>\n<li class=\"x_p1\">Why do you think we will succeed with it? (We start from the base that we will do :))<\/li>\n<\/ul>\n<p>As I said, I think there is no samurai minis as complete as this. The pose, the swords, the plates, everything is incredible. Sure many will like it and will be a success. And if we remove the bandage the historical ones will also buy it.<\/p>\n<p>Thank you for this great opportunity and I hope I will have it in my hands soon \ud83d\ude42<\/p>\n<p><strong>Para Votar,<\/strong>&nbsp;comenta o manda un mail<strong>\/to Vote,&nbsp;<\/strong>comment or send a mail<strong>: orders@notoriginalminis.com<\/strong><\/p>\n","protected":false},"excerpt":{"rendered":"<p>Espa\u00f1ol Autor de la imagen: Freelance, http:\/\/weibo.com\/jysite , jingyinzao@163.com Escala:&nbsp;75mm Nombre:&nbsp;The Blind Sword \u00bfQu\u00e9 tendr\u00eda de especial esta figura en comparaci\u00f3n a otras del mercado?&nbsp; Existen otras de samurais pero ninguna como esta. Llevo mucho tiempo queriendo que alguien saque alguna parecida con muchas posibilidades a la hora de pintarla. Aunque no sea tan original [&hellip;]<\/p>\n","protected":false},"author":2,"featured_media":0,"parent":0,"menu_order":0,"comment_status":"open","ping_status":"closed","template":"","meta":{"_bbp_topic_count":0,"_bbp_reply_count":0,"_bbp_total_topic_count":0,"_bbp_total_reply_count":0,"_bbp_voice_count":0,"_bbp_anonymous_reply_count":0,"_bbp_topic_count_hidden":0,"_bbp_reply_count_hidden":0,"_bbp_forum_subforum_count":0,"_genesis_hide_title":false,"_genesis_hide_breadcrumbs":false,"_genesis_hide_singular_image":false,"_genesis_hide_footer_widgets":false,"_genesis_custom_body_class":"","_genesis_custom_post_class":"","_genesis_layout":"","footnotes":""},"yoast_head":"<!-- This site is optimized with the Yoast SEO plugin v21.7 - https:\/\/yoast.com\/wordpress\/plugins\/seo\/ -->\n<title>Miguel Cabezas - NotOriginalMinis<\/title>\n<meta name=\"robots\" content=\"index, follow, max-snippet:-1, max-image-preview:large, max-video-preview:-1\" \/>\n<link rel=\"canonical\" href=\"https:\/\/notoriginalminis.com\/en\/miguel-cabezas\/\" \/>\n<meta property=\"og:locale\" content=\"en_US\" \/>\n<meta property=\"og:type\" content=\"article\" \/>\n<meta property=\"og:title\" content=\"Miguel Cabezas - NotOriginalMinis\" \/>\n<meta property=\"og:description\" content=\"Espa\u00f1ol Autor de la imagen: Freelance, http:\/\/weibo.com\/jysite , jingyinzao@163.com Escala:&nbsp;75mm Nombre:&nbsp;The Blind Sword \u00bfQu\u00e9 tendr\u00eda de especial esta figura en comparaci\u00f3n a otras del mercado?&nbsp; Existen otras de samurais pero ninguna como esta. Llevo mucho tiempo queriendo que alguien saque alguna parecida con muchas posibilidades a la hora de pintarla. Aunque no sea tan original [&hellip;]\" \/>\n<meta property=\"og:url\" content=\"https:\/\/notoriginalminis.com\/en\/miguel-cabezas\/\" \/>\n<meta property=\"og:site_name\" content=\"NotOriginalMinis\" \/>\n<meta property=\"article:modified_time\" content=\"2017-02-13T11:50:28+00:00\" \/>\n<meta property=\"og:image\" content=\"https:\/\/notoriginalminis.com\/en\/wp-content\/uploads\/sites\/2\/2017\/02\/jing-yin-.jpg\" \/>\n<meta name=\"twitter:card\" content=\"summary_large_image\" \/>\n<meta name=\"twitter:label1\" content=\"Est. reading time\" \/>\n\t<meta name=\"twitter:data1\" content=\"3 minutes\" \/>\n<script type=\"application\/ld+json\" class=\"yoast-schema-graph\">{\"@context\":\"https:\/\/schema.org\",\"@graph\":[{\"@type\":\"WebPage\",\"@id\":\"https:\/\/notoriginalminis.com\/en\/miguel-cabezas\/\",\"url\":\"https:\/\/notoriginalminis.com\/en\/miguel-cabezas\/\",\"name\":\"Miguel Cabezas - NotOriginalMinis\",\"isPartOf\":{\"@id\":\"https:\/\/notoriginalminis.com\/en\/#website\"},\"datePublished\":\"2017-02-13T11:30:19+00:00\",\"dateModified\":\"2017-02-13T11:50:28+00:00\",\"breadcrumb\":{\"@id\":\"https:\/\/notoriginalminis.com\/en\/miguel-cabezas\/#breadcrumb\"},\"inLanguage\":\"en-US\",\"potentialAction\":[{\"@type\":\"ReadAction\",\"target\":[\"https:\/\/notoriginalminis.com\/en\/miguel-cabezas\/\"]}]},{\"@type\":\"BreadcrumbList\",\"@id\":\"https:\/\/notoriginalminis.com\/en\/miguel-cabezas\/#breadcrumb\",\"itemListElement\":[{\"@type\":\"ListItem\",\"position\":1,\"name\":\"Portada\",\"item\":\"https:\/\/notoriginalminis.com\/en\/\"},{\"@type\":\"ListItem\",\"position\":2,\"name\":\"Miguel Cabezas\"}]},{\"@type\":\"WebSite\",\"@id\":\"https:\/\/notoriginalminis.com\/en\/#website\",\"url\":\"https:\/\/notoriginalminis.com\/en\/\",\"name\":\"NotOriginalMinis\",\"description\":\"Creating &amp; Painting Unique Miniatures\",\"potentialAction\":[{\"@type\":\"SearchAction\",\"target\":{\"@type\":\"EntryPoint\",\"urlTemplate\":\"https:\/\/notoriginalminis.com\/en\/?s={search_term_string}\"},\"query-input\":\"required name=search_term_string\"}],\"inLanguage\":\"en-US\"}]}<\/script>\n<!-- \/ Yoast SEO plugin. -->","yoast_head_json":{"title":"Miguel Cabezas - NotOriginalMinis","robots":{"index":"index","follow":"follow","max-snippet":"max-snippet:-1","max-image-preview":"max-image-preview:large","max-video-preview":"max-video-preview:-1"},"canonical":"https:\/\/notoriginalminis.com\/en\/miguel-cabezas\/","og_locale":"en_US","og_type":"article","og_title":"Miguel Cabezas - NotOriginalMinis","og_description":"Espa\u00f1ol Autor de la imagen: Freelance, http:\/\/weibo.com\/jysite , jingyinzao@163.com Escala:&nbsp;75mm Nombre:&nbsp;The Blind Sword \u00bfQu\u00e9 tendr\u00eda de especial esta figura en comparaci\u00f3n a otras del mercado?&nbsp; Existen otras de samurais pero ninguna como esta. Llevo mucho tiempo queriendo que alguien saque alguna parecida con muchas posibilidades a la hora de pintarla. Aunque no sea tan original [&hellip;]","og_url":"https:\/\/notoriginalminis.com\/en\/miguel-cabezas\/","og_site_name":"NotOriginalMinis","article_modified_time":"2017-02-13T11:50:28+00:00","og_image":[{"url":"https:\/\/notoriginalminis.com\/en\/wp-content\/uploads\/sites\/2\/2017\/02\/jing-yin-.jpg"}],"twitter_card":"summary_large_image","twitter_misc":{"Est. reading time":"3 minutes"},"schema":{"@context":"https:\/\/schema.org","@graph":[{"@type":"WebPage","@id":"https:\/\/notoriginalminis.com\/en\/miguel-cabezas\/","url":"https:\/\/notoriginalminis.com\/en\/miguel-cabezas\/","name":"Miguel Cabezas - NotOriginalMinis","isPartOf":{"@id":"https:\/\/notoriginalminis.com\/en\/#website"},"datePublished":"2017-02-13T11:30:19+00:00","dateModified":"2017-02-13T11:50:28+00:00","breadcrumb":{"@id":"https:\/\/notoriginalminis.com\/en\/miguel-cabezas\/#breadcrumb"},"inLanguage":"en-US","potentialAction":[{"@type":"ReadAction","target":["https:\/\/notoriginalminis.com\/en\/miguel-cabezas\/"]}]},{"@type":"BreadcrumbList","@id":"https:\/\/notoriginalminis.com\/en\/miguel-cabezas\/#breadcrumb","itemListElement":[{"@type":"ListItem","position":1,"name":"Portada","item":"https:\/\/notoriginalminis.com\/en\/"},{"@type":"ListItem","position":2,"name":"Miguel Cabezas"}]},{"@type":"WebSite","@id":"https:\/\/notoriginalminis.com\/en\/#website","url":"https:\/\/notoriginalminis.com\/en\/","name":"NotOriginalMinis","description":"Creating &amp; Painting Unique Miniatures","potentialAction":[{"@type":"SearchAction","target":{"@type":"EntryPoint","urlTemplate":"https:\/\/notoriginalminis.com\/en\/?s={search_term_string}"},"query-input":"required name=search_term_string"}],"inLanguage":"en-US"}]}},"jetpack_sharing_enabled":true,"_links":{"self":[{"href":"https:\/\/notoriginalminis.com\/en\/wp-json\/wp\/v2\/pages\/638"}],"collection":[{"href":"https:\/\/notoriginalminis.com\/en\/wp-json\/wp\/v2\/pages"}],"about":[{"href":"https:\/\/notoriginalminis.com\/en\/wp-json\/wp\/v2\/types\/page"}],"author":[{"embeddable":true,"href":"https:\/\/notoriginalminis.com\/en\/wp-json\/wp\/v2\/users\/2"}],"replies":[{"embeddable":true,"href":"https:\/\/notoriginalminis.com\/en\/wp-json\/wp\/v2\/comments?post=638"}],"version-history":[{"count":3,"href":"https:\/\/notoriginalminis.com\/en\/wp-json\/wp\/v2\/pages\/638\/revisions"}],"predecessor-version":[{"id":642,"href":"https:\/\/notoriginalminis.com\/en\/wp-json\/wp\/v2\/pages\/638\/revisions\/642"}],"wp:attachment":[{"href":"https:\/\/notoriginalminis.com\/en\/wp-json\/wp\/v2\/media?parent=638"}],"curies":[{"name":"wp","href":"https:\/\/api.w.org\/{rel}","templated":true}]}}