{"id":835,"date":"2017-03-09T11:05:50","date_gmt":"2017-03-09T11:05:50","guid":{"rendered":"https:\/\/notoriginalminis.com\/en\/?page_id=835"},"modified":"2017-03-09T11:06:43","modified_gmt":"2017-03-09T11:06:43","slug":"josh-paulik","status":"publish","type":"page","link":"https:\/\/notoriginalminis.com\/en\/your-figure\/josh-paulik\/","title":{"rendered":"Josh Paulik"},"content":{"rendered":"<p><img decoding=\"async\" loading=\"lazy\" class=\"aligncenter size-full wp-image-836\" src=\"https:\/\/notoriginalminis.com\/en\/wp-content\/uploads\/sites\/2\/2017\/03\/CtDTNTqUIAAENON.jpg\" alt=\"\" width=\"842\" height=\"1200\" srcset=\"https:\/\/notoriginalminis.com\/en\/wp-content\/uploads\/sites\/2\/2017\/03\/CtDTNTqUIAAENON.jpg 842w, https:\/\/notoriginalminis.com\/en\/wp-content\/uploads\/sites\/2\/2017\/03\/CtDTNTqUIAAENON-211x300.jpg 211w, https:\/\/notoriginalminis.com\/en\/wp-content\/uploads\/sites\/2\/2017\/03\/CtDTNTqUIAAENON-768x1095.jpg 768w, https:\/\/notoriginalminis.com\/en\/wp-content\/uploads\/sites\/2\/2017\/03\/CtDTNTqUIAAENON-719x1024.jpg 719w, https:\/\/notoriginalminis.com\/en\/wp-content\/uploads\/sites\/2\/2017\/03\/CtDTNTqUIAAENON-600x855.jpg 600w\" sizes=\"(max-width: 842px) 100vw, 842px\"><\/p>\n<p style=\"text-align: center;\">Espa\u00f1ol<\/p>\n<ul>\n<li><em>Autor de la imagen:<\/em>&nbsp;Jen Bartel<\/li>\n<li><em>Escala:<\/em>&nbsp;&nbsp;1\/12 o 1\/10 busto, cintura para arriba con los brazos.<\/li>\n<li><em>Nombre:<\/em>&nbsp;Probablemente &#8220;Girl Gang&#8221;, pero que Jen Bartel decida.<\/li>\n<li><em>\u00bfQu\u00e9 tendr\u00eda de especial esta figura en comparaci\u00f3n a otras del mercado?&nbsp;<\/em><\/li>\n<\/ul>\n<p>Hay muy pocas esculturas punk femeninas modernas por ah\u00ed.<\/p>\n<ul>\n<li><em>\u00bfQu\u00e9 posibilidades de pintado le ves? (Por ejemplo, doble iluminaci\u00f3n, distintos materiales, complejidad de iluminaci\u00f3n en metales y reflejos, rigor hist\u00f3rico y su estudio, freehands, riqueza de colores, etc):&nbsp;<\/em><\/li>\n<\/ul>\n<p>Dependiendo de qu\u00e9 versi\u00f3n &#8211; denim o cuero, parches, peinados afeitados, maquillajes locos, esquemas de colores vibrantes para copiar el trabajo de Jen.<\/p>\n<ul>\n<li><em>\u00bfLe harias alguna modificaci\u00f3n? (Por ejemplo: alg\u00fan arma de m\u00e1s, distinta pose, etc)<\/em><\/li>\n<\/ul>\n<p>Tal vez Jen dibujar\u00eda el personaje espec\u00edficamente para un busto si est\u00e1 dispuesta, pero si no, cualquiera de las siguientes versiones funcionar\u00eda.<\/p>\n<ul>\n<li><em>\u00bfA qu\u00e9 tipo de p\u00fablico va dirigida? (Por ejemplo: hist\u00f3ricos, de fantasia, jugones, obsesionados con las hurones, etc)<\/em><\/li>\n<\/ul>\n<p>La gente tal vez cansada de las mismas esculturas fantas\u00eda, que quiere algo diferente, m\u00e1s actual y moderno y no un punk de los a\u00f1os 80.<\/p>\n<ul>\n<li>\n<p class=\"x_p2\">\u00bfPorque crees que tendremos \u00e9xito con ella? (Partimos de la base que seguro que lo tendr\u00e1 ? )<\/p>\n<\/li>\n<\/ul>\n<p>&nbsp;<br \/>\n&nbsp;No hay nada de esto por ahi. Algunos ciberpunk se acercan pero este creo ofrecer\u00eda&nbsp;una mirada \u00fanica, tiene la cara femenina bonita que &nbsp;todos sabemos, pero con un toque moderno y agresivo.<\/p>\n<p style=\"text-align: center;\">English<\/p>\n<ul>\n<li class=\"x_p1\">Image Author: Jen Bartel<\/li>\n<li class=\"x_p1\">Scale: 1\/12 or 1\/10 bust, waist up with arms.&nbsp;<\/li>\n<li class=\"x_p1\">Name of the figure: Probably &#8220;Girl Gang&#8221;, but let Jen Bartel decide if she wants<\/li>\n<li class=\"x_p1\">What would be special about this figure in comparison to others in the market?<\/li>\n<\/ul>\n<blockquote><p>\nThere&#8217;s very few modern punk female sculpts out there.&nbsp;\n<\/p><\/blockquote>\n<ul>\n<li class=\"x_p1\">What possibilities of painting do you see? (For example, double source of light, different materials, lighting complexity in metals and reflections, historical rigor and study, freehands, richness of colors, etc.)<\/li>\n<\/ul>\n<blockquote><p>\nDepending on which version &#8211; denim or leather, patches, shaved hairstyles, crazy makeup styles, vibrant color schemes to match Jen&#8217;s work.&nbsp;\n<\/p><\/blockquote>\n<ul>\n<li>Would you do any modification? (For example: another weapon, different pose, etc.)<\/li>\n<\/ul>\n<blockquote><p>\nPerhaps have Jen draw the character specifically for a bust if she&#8217;s willing, but if not either of the below versions would work I think.&nbsp;\n<\/p><\/blockquote>\n<ul>\n<li class=\"x_p1\">What type of audience is targeted? (For example: historical, fantasy, players, obsessed with ferrets, etc.)<\/li>\n<\/ul>\n<blockquote><p>\n&nbsp;People maybe tired of fantasy sculpt oversaturation, want something different, more current and modern and not a punk from the 80s.&nbsp;\n<\/p><\/blockquote>\n<ul>\n<li class=\"x_p1\">Why do you think we will succeed with it? (We start from the base that we will do :))<\/li>\n<\/ul>\n<blockquote><p>\nThere&#8217;s &nbsp;not much like it out there. Some cyberpunk stuff comes close but this I think is a very unique look, still has the pretty female face we all know but with a modern and aggressive twist that isn&#8217;t just Red Sonja all over again.&nbsp;\n<\/p><\/blockquote>\n<p>&nbsp;<\/p>\n<p><strong>Para Votar,<\/strong>&nbsp;comenta o manda un mail<strong>\/to Vote,&nbsp;<\/strong>comment or send a mail<strong>: orders@notoriginalminis.com<\/strong><\/p>\n","protected":false},"excerpt":{"rendered":"<p>Espa\u00f1ol Autor de la imagen:&nbsp;Jen Bartel Escala:&nbsp;&nbsp;1\/12 o 1\/10 busto, cintura para arriba con los brazos. Nombre:&nbsp;Probablemente &#8220;Girl Gang&#8221;, pero que Jen Bartel decida. \u00bfQu\u00e9 tendr\u00eda de especial esta figura en comparaci\u00f3n a otras del mercado?&nbsp; Hay muy pocas esculturas punk femeninas modernas por ah\u00ed. \u00bfQu\u00e9 posibilidades de pintado le ves? (Por ejemplo, doble iluminaci\u00f3n, [&hellip;]<\/p>\n","protected":false},"author":2,"featured_media":0,"parent":395,"menu_order":0,"comment_status":"open","ping_status":"closed","template":"","meta":{"_bbp_topic_count":0,"_bbp_reply_count":0,"_bbp_total_topic_count":0,"_bbp_total_reply_count":0,"_bbp_voice_count":0,"_bbp_anonymous_reply_count":0,"_bbp_topic_count_hidden":0,"_bbp_reply_count_hidden":0,"_bbp_forum_subforum_count":0,"_genesis_hide_title":false,"_genesis_hide_breadcrumbs":false,"_genesis_hide_singular_image":false,"_genesis_hide_footer_widgets":false,"_genesis_custom_body_class":"","_genesis_custom_post_class":"","_genesis_layout":"","footnotes":""},"yoast_head":"<!-- This site is optimized with the Yoast SEO plugin v21.7 - https:\/\/yoast.com\/wordpress\/plugins\/seo\/ -->\n<title>Josh Paulik - NotOriginalMinis<\/title>\n<meta name=\"robots\" content=\"index, follow, max-snippet:-1, max-image-preview:large, max-video-preview:-1\" \/>\n<link rel=\"canonical\" href=\"https:\/\/notoriginalminis.com\/en\/your-figure\/josh-paulik\/\" \/>\n<meta property=\"og:locale\" content=\"en_US\" \/>\n<meta property=\"og:type\" content=\"article\" \/>\n<meta property=\"og:title\" content=\"Josh Paulik - NotOriginalMinis\" \/>\n<meta property=\"og:description\" content=\"Espa\u00f1ol Autor de la imagen:&nbsp;Jen Bartel Escala:&nbsp;&nbsp;1\/12 o 1\/10 busto, cintura para arriba con los brazos. Nombre:&nbsp;Probablemente &#8220;Girl Gang&#8221;, pero que Jen Bartel decida. \u00bfQu\u00e9 tendr\u00eda de especial esta figura en comparaci\u00f3n a otras del mercado?&nbsp; Hay muy pocas esculturas punk femeninas modernas por ah\u00ed. \u00bfQu\u00e9 posibilidades de pintado le ves? (Por ejemplo, doble iluminaci\u00f3n, [&hellip;]\" \/>\n<meta property=\"og:url\" content=\"https:\/\/notoriginalminis.com\/en\/your-figure\/josh-paulik\/\" \/>\n<meta property=\"og:site_name\" content=\"NotOriginalMinis\" \/>\n<meta property=\"article:modified_time\" content=\"2017-03-09T11:06:43+00:00\" \/>\n<meta property=\"og:image\" content=\"https:\/\/notoriginalminis.com\/en\/wp-content\/uploads\/sites\/2\/2017\/03\/CtDTNTqUIAAENON.jpg\" \/>\n<meta name=\"twitter:card\" content=\"summary_large_image\" \/>\n<meta name=\"twitter:label1\" content=\"Est. reading time\" \/>\n\t<meta name=\"twitter:data1\" content=\"3 minutes\" \/>\n<script type=\"application\/ld+json\" class=\"yoast-schema-graph\">{\"@context\":\"https:\/\/schema.org\",\"@graph\":[{\"@type\":\"WebPage\",\"@id\":\"https:\/\/notoriginalminis.com\/en\/your-figure\/josh-paulik\/\",\"url\":\"https:\/\/notoriginalminis.com\/en\/your-figure\/josh-paulik\/\",\"name\":\"Josh Paulik - NotOriginalMinis\",\"isPartOf\":{\"@id\":\"https:\/\/notoriginalminis.com\/en\/#website\"},\"datePublished\":\"2017-03-09T11:05:50+00:00\",\"dateModified\":\"2017-03-09T11:06:43+00:00\",\"breadcrumb\":{\"@id\":\"https:\/\/notoriginalminis.com\/en\/your-figure\/josh-paulik\/#breadcrumb\"},\"inLanguage\":\"en-US\",\"potentialAction\":[{\"@type\":\"ReadAction\",\"target\":[\"https:\/\/notoriginalminis.com\/en\/your-figure\/josh-paulik\/\"]}]},{\"@type\":\"BreadcrumbList\",\"@id\":\"https:\/\/notoriginalminis.com\/en\/your-figure\/josh-paulik\/#breadcrumb\",\"itemListElement\":[{\"@type\":\"ListItem\",\"position\":1,\"name\":\"Portada\",\"item\":\"https:\/\/notoriginalminis.com\/en\/\"},{\"@type\":\"ListItem\",\"position\":2,\"name\":\"Your Figure\",\"item\":\"https:\/\/notoriginalminis.com\/en\/your-figure\/\"},{\"@type\":\"ListItem\",\"position\":3,\"name\":\"Josh Paulik\"}]},{\"@type\":\"WebSite\",\"@id\":\"https:\/\/notoriginalminis.com\/en\/#website\",\"url\":\"https:\/\/notoriginalminis.com\/en\/\",\"name\":\"NotOriginalMinis\",\"description\":\"Creating &amp; Painting Unique Miniatures\",\"potentialAction\":[{\"@type\":\"SearchAction\",\"target\":{\"@type\":\"EntryPoint\",\"urlTemplate\":\"https:\/\/notoriginalminis.com\/en\/?s={search_term_string}\"},\"query-input\":\"required name=search_term_string\"}],\"inLanguage\":\"en-US\"}]}<\/script>\n<!-- \/ Yoast SEO plugin. -->","yoast_head_json":{"title":"Josh Paulik - NotOriginalMinis","robots":{"index":"index","follow":"follow","max-snippet":"max-snippet:-1","max-image-preview":"max-image-preview:large","max-video-preview":"max-video-preview:-1"},"canonical":"https:\/\/notoriginalminis.com\/en\/your-figure\/josh-paulik\/","og_locale":"en_US","og_type":"article","og_title":"Josh Paulik - NotOriginalMinis","og_description":"Espa\u00f1ol Autor de la imagen:&nbsp;Jen Bartel Escala:&nbsp;&nbsp;1\/12 o 1\/10 busto, cintura para arriba con los brazos. Nombre:&nbsp;Probablemente &#8220;Girl Gang&#8221;, pero que Jen Bartel decida. \u00bfQu\u00e9 tendr\u00eda de especial esta figura en comparaci\u00f3n a otras del mercado?&nbsp; Hay muy pocas esculturas punk femeninas modernas por ah\u00ed. \u00bfQu\u00e9 posibilidades de pintado le ves? (Por ejemplo, doble iluminaci\u00f3n, [&hellip;]","og_url":"https:\/\/notoriginalminis.com\/en\/your-figure\/josh-paulik\/","og_site_name":"NotOriginalMinis","article_modified_time":"2017-03-09T11:06:43+00:00","og_image":[{"url":"https:\/\/notoriginalminis.com\/en\/wp-content\/uploads\/sites\/2\/2017\/03\/CtDTNTqUIAAENON.jpg"}],"twitter_card":"summary_large_image","twitter_misc":{"Est. reading time":"3 minutes"},"schema":{"@context":"https:\/\/schema.org","@graph":[{"@type":"WebPage","@id":"https:\/\/notoriginalminis.com\/en\/your-figure\/josh-paulik\/","url":"https:\/\/notoriginalminis.com\/en\/your-figure\/josh-paulik\/","name":"Josh Paulik - NotOriginalMinis","isPartOf":{"@id":"https:\/\/notoriginalminis.com\/en\/#website"},"datePublished":"2017-03-09T11:05:50+00:00","dateModified":"2017-03-09T11:06:43+00:00","breadcrumb":{"@id":"https:\/\/notoriginalminis.com\/en\/your-figure\/josh-paulik\/#breadcrumb"},"inLanguage":"en-US","potentialAction":[{"@type":"ReadAction","target":["https:\/\/notoriginalminis.com\/en\/your-figure\/josh-paulik\/"]}]},{"@type":"BreadcrumbList","@id":"https:\/\/notoriginalminis.com\/en\/your-figure\/josh-paulik\/#breadcrumb","itemListElement":[{"@type":"ListItem","position":1,"name":"Portada","item":"https:\/\/notoriginalminis.com\/en\/"},{"@type":"ListItem","position":2,"name":"Your Figure","item":"https:\/\/notoriginalminis.com\/en\/your-figure\/"},{"@type":"ListItem","position":3,"name":"Josh Paulik"}]},{"@type":"WebSite","@id":"https:\/\/notoriginalminis.com\/en\/#website","url":"https:\/\/notoriginalminis.com\/en\/","name":"NotOriginalMinis","description":"Creating &amp; Painting Unique Miniatures","potentialAction":[{"@type":"SearchAction","target":{"@type":"EntryPoint","urlTemplate":"https:\/\/notoriginalminis.com\/en\/?s={search_term_string}"},"query-input":"required name=search_term_string"}],"inLanguage":"en-US"}]}},"jetpack_sharing_enabled":true,"_links":{"self":[{"href":"https:\/\/notoriginalminis.com\/en\/wp-json\/wp\/v2\/pages\/835"}],"collection":[{"href":"https:\/\/notoriginalminis.com\/en\/wp-json\/wp\/v2\/pages"}],"about":[{"href":"https:\/\/notoriginalminis.com\/en\/wp-json\/wp\/v2\/types\/page"}],"author":[{"embeddable":true,"href":"https:\/\/notoriginalminis.com\/en\/wp-json\/wp\/v2\/users\/2"}],"replies":[{"embeddable":true,"href":"https:\/\/notoriginalminis.com\/en\/wp-json\/wp\/v2\/comments?post=835"}],"version-history":[{"count":1,"href":"https:\/\/notoriginalminis.com\/en\/wp-json\/wp\/v2\/pages\/835\/revisions"}],"predecessor-version":[{"id":837,"href":"https:\/\/notoriginalminis.com\/en\/wp-json\/wp\/v2\/pages\/835\/revisions\/837"}],"up":[{"embeddable":true,"href":"https:\/\/notoriginalminis.com\/en\/wp-json\/wp\/v2\/pages\/395"}],"wp:attachment":[{"href":"https:\/\/notoriginalminis.com\/en\/wp-json\/wp\/v2\/media?parent=835"}],"curies":[{"name":"wp","href":"https:\/\/api.w.org\/{rel}","templated":true}]}}