{"id":840,"date":"2017-03-09T11:36:18","date_gmt":"2017-03-09T11:36:18","guid":{"rendered":"https:\/\/notoriginalminis.com\/en\/?page_id=840"},"modified":"2017-03-09T11:38:57","modified_gmt":"2017-03-09T11:38:57","slug":"chris-brown","status":"publish","type":"page","link":"https:\/\/notoriginalminis.com\/en\/your-figure\/chris-brown\/","title":{"rendered":"Chris Brown"},"content":{"rendered":"<p><img decoding=\"async\" loading=\"lazy\" class=\"aligncenter size-full wp-image-841\" src=\"https:\/\/notoriginalminis.com\/en\/wp-content\/uploads\/sites\/2\/2017\/03\/ec7f5feed44aa3c649c9e88b2809f79f.jpg\" alt=\"\" width=\"500\" height=\"746\" srcset=\"https:\/\/notoriginalminis.com\/en\/wp-content\/uploads\/sites\/2\/2017\/03\/ec7f5feed44aa3c649c9e88b2809f79f.jpg 500w, https:\/\/notoriginalminis.com\/en\/wp-content\/uploads\/sites\/2\/2017\/03\/ec7f5feed44aa3c649c9e88b2809f79f-201x300.jpg 201w\" sizes=\"(max-width: 500px) 100vw, 500px\"><\/p>\n<p style=\"text-align: center;\">Espa\u00f1ol<\/p>\n<ul>\n<li><em>Autor de la imagen:<\/em>&nbsp;Assasins Creed<\/li>\n<li><em>Escala:<\/em>&nbsp;54mm<\/li>\n<li><em>Nombre:<\/em>&nbsp;&#8220;Voy a por ti&#8221;<\/li>\n<li><em>\u00bfQu\u00e9 tendr\u00eda de especial esta figura en comparaci\u00f3n a otras del mercado?&nbsp;<\/em><\/li>\n<\/ul>\n<p>La pose. No hay figuras din\u00e1micas en el mercado. Su agresividad aporta frescura<\/p>\n<ul>\n<li><em>\u00bfQu\u00e9 posibilidades de pintado le ves? (Por ejemplo, doble iluminaci\u00f3n, distintos materiales, complejidad de iluminaci\u00f3n en metales y reflejos, rigor hist\u00f3rico y su estudio, freehands, riqueza de colores, etc):&nbsp;<\/em><\/li>\n<\/ul>\n<p>En cuanto al pintado, hay muchos materiales en los que practicar. Nos lo pasar\u00edamos en grande!<\/p>\n<ul>\n<li><em>\u00bfLe harias alguna modificaci\u00f3n? (Por ejemplo: alg\u00fan arma de m\u00e1s, distinta pose, etc)<\/em><\/li>\n<\/ul>\n<p>Le har\u00eda muchas modificaciones pero manteniendo la pose. Ser\u00e1 muy dif\u00edcil que Ubisoft nos ceda los derechos de autor as\u00ed que mantengamos la pose cambi\u00e1ndole el atuendo, cara, etc.<\/p>\n<ul>\n<li><em>\u00bfA qu\u00e9 tipo de p\u00fablico va dirigida? (Por ejemplo: hist\u00f3ricos, de fantasia, jugones, obsesionados con las hurones, etc)<\/em><\/li>\n<\/ul>\n<p>Tanto fant\u00e1stico como hist\u00f3rico<\/p>\n<ul>\n<li>\u00bfPorque crees que tendremos \u00e9xito con ella? (Partimos de la base que seguro que lo tendr\u00e1 ? )<\/li>\n<\/ul>\n<p>Entra por los ojos. No hay nada que tenga esa fuerza de movimiento ahora mismo y si la podemos hacer a lo Asassins Creed tendr\u00eda m\u00e1s seguidores.<br \/>\nEspero os guste,<br \/>\nChris<\/p>\n<p style=\"text-align: center;\">English<\/p>\n<ul>\n<li class=\"x_p1\">Image Author: Assasins Creed<\/li>\n<li class=\"x_p1\">Scale: 54 mm<\/li>\n<li class=\"x_p1\">Name of the figure: I&#8217;m going for YOU!<\/li>\n<li class=\"x_p1\">What would be special about this figure in comparison to others in the market?<\/li>\n<\/ul>\n<p class=\"x_p1\">The pose. There are no dynamic figures in the market. Its aggressiveness brings freshness.&nbsp;<\/p>\n<ul>\n<li class=\"x_p1\">What possibilities of painting do you see? (For example, double source of light, different materials, lighting complexity in metals and reflections, historical rigor and study, freehands, richness of colors, etc.)<\/li>\n<\/ul>\n<p>For painting, there are many materials to practice. We would have a great time!<\/p>\n<ul>\n<li>Would you do any modification? (For example: another weapon, different pose, etc.)<\/li>\n<\/ul>\n<p class=\"x_p1\">&nbsp;It would make many modifications but maintaining the pose. It will be very difficult for Ubisoft to give us the copyright, so keep the pose by changing the&nbsp;outfit, face, etc.<\/p>\n<ul>\n<li class=\"x_p1\">What type of audience is targeted? (For example: historical, fantasy, players, obsessed with ferrets, etc.)<\/li>\n<\/ul>\n<p class=\"x_p1\">&nbsp;Fantasy and historical, both.<\/p>\n<ul>\n<li class=\"x_p1\">Why do you think we will succeed with it? (We start from the base that we will do :))<\/li>\n<\/ul>\n<p>There is nothing that has that strength of movement right now and if we can do it like the Asassins Creed would have a lot of&nbsp;followers.<br \/>\nI hope you like it,<br \/>\nChris<\/p>\n<p><strong>Para Votar,<\/strong>&nbsp;comenta o manda un mail<strong>\/to Vote,&nbsp;<\/strong>comment or send a mail<strong>: orders@notoriginalminis.com<\/strong><\/p>\n","protected":false},"excerpt":{"rendered":"<p>Espa\u00f1ol Autor de la imagen:&nbsp;Assasins Creed Escala:&nbsp;54mm Nombre:&nbsp;&#8220;Voy a por ti&#8221; \u00bfQu\u00e9 tendr\u00eda de especial esta figura en comparaci\u00f3n a otras del mercado?&nbsp; La pose. No hay figuras din\u00e1micas en el mercado. Su agresividad aporta frescura \u00bfQu\u00e9 posibilidades de pintado le ves? (Por ejemplo, doble iluminaci\u00f3n, distintos materiales, complejidad de iluminaci\u00f3n en metales y reflejos, [&hellip;]<\/p>\n","protected":false},"author":2,"featured_media":0,"parent":395,"menu_order":0,"comment_status":"open","ping_status":"closed","template":"","meta":{"_bbp_topic_count":0,"_bbp_reply_count":0,"_bbp_total_topic_count":0,"_bbp_total_reply_count":0,"_bbp_voice_count":0,"_bbp_anonymous_reply_count":0,"_bbp_topic_count_hidden":0,"_bbp_reply_count_hidden":0,"_bbp_forum_subforum_count":0,"_genesis_hide_title":false,"_genesis_hide_breadcrumbs":false,"_genesis_hide_singular_image":false,"_genesis_hide_footer_widgets":false,"_genesis_custom_body_class":"","_genesis_custom_post_class":"","_genesis_layout":"","footnotes":""},"yoast_head":"<!-- This site is optimized with the Yoast SEO plugin v21.7 - https:\/\/yoast.com\/wordpress\/plugins\/seo\/ -->\n<title>Chris Brown - NotOriginalMinis<\/title>\n<meta name=\"robots\" content=\"index, follow, max-snippet:-1, max-image-preview:large, max-video-preview:-1\" \/>\n<link rel=\"canonical\" href=\"https:\/\/notoriginalminis.com\/en\/your-figure\/chris-brown\/\" \/>\n<meta property=\"og:locale\" content=\"en_US\" \/>\n<meta property=\"og:type\" content=\"article\" \/>\n<meta property=\"og:title\" content=\"Chris Brown - NotOriginalMinis\" \/>\n<meta property=\"og:description\" content=\"Espa\u00f1ol Autor de la imagen:&nbsp;Assasins Creed Escala:&nbsp;54mm Nombre:&nbsp;&#8220;Voy a por ti&#8221; \u00bfQu\u00e9 tendr\u00eda de especial esta figura en comparaci\u00f3n a otras del mercado?&nbsp; La pose. No hay figuras din\u00e1micas en el mercado. Su agresividad aporta frescura \u00bfQu\u00e9 posibilidades de pintado le ves? (Por ejemplo, doble iluminaci\u00f3n, distintos materiales, complejidad de iluminaci\u00f3n en metales y reflejos, [&hellip;]\" \/>\n<meta property=\"og:url\" content=\"https:\/\/notoriginalminis.com\/en\/your-figure\/chris-brown\/\" \/>\n<meta property=\"og:site_name\" content=\"NotOriginalMinis\" \/>\n<meta property=\"article:modified_time\" content=\"2017-03-09T11:38:57+00:00\" \/>\n<meta property=\"og:image\" content=\"https:\/\/notoriginalminis.com\/en\/wp-content\/uploads\/sites\/2\/2017\/03\/ec7f5feed44aa3c649c9e88b2809f79f.jpg\" \/>\n<meta name=\"twitter:card\" content=\"summary_large_image\" \/>\n<meta name=\"twitter:label1\" content=\"Est. reading time\" \/>\n\t<meta name=\"twitter:data1\" content=\"2 minutes\" \/>\n<script type=\"application\/ld+json\" class=\"yoast-schema-graph\">{\"@context\":\"https:\/\/schema.org\",\"@graph\":[{\"@type\":\"WebPage\",\"@id\":\"https:\/\/notoriginalminis.com\/en\/your-figure\/chris-brown\/\",\"url\":\"https:\/\/notoriginalminis.com\/en\/your-figure\/chris-brown\/\",\"name\":\"Chris Brown - NotOriginalMinis\",\"isPartOf\":{\"@id\":\"https:\/\/notoriginalminis.com\/en\/#website\"},\"datePublished\":\"2017-03-09T11:36:18+00:00\",\"dateModified\":\"2017-03-09T11:38:57+00:00\",\"breadcrumb\":{\"@id\":\"https:\/\/notoriginalminis.com\/en\/your-figure\/chris-brown\/#breadcrumb\"},\"inLanguage\":\"en-US\",\"potentialAction\":[{\"@type\":\"ReadAction\",\"target\":[\"https:\/\/notoriginalminis.com\/en\/your-figure\/chris-brown\/\"]}]},{\"@type\":\"BreadcrumbList\",\"@id\":\"https:\/\/notoriginalminis.com\/en\/your-figure\/chris-brown\/#breadcrumb\",\"itemListElement\":[{\"@type\":\"ListItem\",\"position\":1,\"name\":\"Portada\",\"item\":\"https:\/\/notoriginalminis.com\/en\/\"},{\"@type\":\"ListItem\",\"position\":2,\"name\":\"Your Figure\",\"item\":\"https:\/\/notoriginalminis.com\/en\/your-figure\/\"},{\"@type\":\"ListItem\",\"position\":3,\"name\":\"Chris Brown\"}]},{\"@type\":\"WebSite\",\"@id\":\"https:\/\/notoriginalminis.com\/en\/#website\",\"url\":\"https:\/\/notoriginalminis.com\/en\/\",\"name\":\"NotOriginalMinis\",\"description\":\"Creating &amp; Painting Unique Miniatures\",\"potentialAction\":[{\"@type\":\"SearchAction\",\"target\":{\"@type\":\"EntryPoint\",\"urlTemplate\":\"https:\/\/notoriginalminis.com\/en\/?s={search_term_string}\"},\"query-input\":\"required name=search_term_string\"}],\"inLanguage\":\"en-US\"}]}<\/script>\n<!-- \/ Yoast SEO plugin. -->","yoast_head_json":{"title":"Chris Brown - NotOriginalMinis","robots":{"index":"index","follow":"follow","max-snippet":"max-snippet:-1","max-image-preview":"max-image-preview:large","max-video-preview":"max-video-preview:-1"},"canonical":"https:\/\/notoriginalminis.com\/en\/your-figure\/chris-brown\/","og_locale":"en_US","og_type":"article","og_title":"Chris Brown - NotOriginalMinis","og_description":"Espa\u00f1ol Autor de la imagen:&nbsp;Assasins Creed Escala:&nbsp;54mm Nombre:&nbsp;&#8220;Voy a por ti&#8221; \u00bfQu\u00e9 tendr\u00eda de especial esta figura en comparaci\u00f3n a otras del mercado?&nbsp; La pose. No hay figuras din\u00e1micas en el mercado. Su agresividad aporta frescura \u00bfQu\u00e9 posibilidades de pintado le ves? (Por ejemplo, doble iluminaci\u00f3n, distintos materiales, complejidad de iluminaci\u00f3n en metales y reflejos, [&hellip;]","og_url":"https:\/\/notoriginalminis.com\/en\/your-figure\/chris-brown\/","og_site_name":"NotOriginalMinis","article_modified_time":"2017-03-09T11:38:57+00:00","og_image":[{"url":"https:\/\/notoriginalminis.com\/en\/wp-content\/uploads\/sites\/2\/2017\/03\/ec7f5feed44aa3c649c9e88b2809f79f.jpg"}],"twitter_card":"summary_large_image","twitter_misc":{"Est. reading time":"2 minutes"},"schema":{"@context":"https:\/\/schema.org","@graph":[{"@type":"WebPage","@id":"https:\/\/notoriginalminis.com\/en\/your-figure\/chris-brown\/","url":"https:\/\/notoriginalminis.com\/en\/your-figure\/chris-brown\/","name":"Chris Brown - NotOriginalMinis","isPartOf":{"@id":"https:\/\/notoriginalminis.com\/en\/#website"},"datePublished":"2017-03-09T11:36:18+00:00","dateModified":"2017-03-09T11:38:57+00:00","breadcrumb":{"@id":"https:\/\/notoriginalminis.com\/en\/your-figure\/chris-brown\/#breadcrumb"},"inLanguage":"en-US","potentialAction":[{"@type":"ReadAction","target":["https:\/\/notoriginalminis.com\/en\/your-figure\/chris-brown\/"]}]},{"@type":"BreadcrumbList","@id":"https:\/\/notoriginalminis.com\/en\/your-figure\/chris-brown\/#breadcrumb","itemListElement":[{"@type":"ListItem","position":1,"name":"Portada","item":"https:\/\/notoriginalminis.com\/en\/"},{"@type":"ListItem","position":2,"name":"Your Figure","item":"https:\/\/notoriginalminis.com\/en\/your-figure\/"},{"@type":"ListItem","position":3,"name":"Chris Brown"}]},{"@type":"WebSite","@id":"https:\/\/notoriginalminis.com\/en\/#website","url":"https:\/\/notoriginalminis.com\/en\/","name":"NotOriginalMinis","description":"Creating &amp; Painting Unique Miniatures","potentialAction":[{"@type":"SearchAction","target":{"@type":"EntryPoint","urlTemplate":"https:\/\/notoriginalminis.com\/en\/?s={search_term_string}"},"query-input":"required name=search_term_string"}],"inLanguage":"en-US"}]}},"jetpack_sharing_enabled":true,"_links":{"self":[{"href":"https:\/\/notoriginalminis.com\/en\/wp-json\/wp\/v2\/pages\/840"}],"collection":[{"href":"https:\/\/notoriginalminis.com\/en\/wp-json\/wp\/v2\/pages"}],"about":[{"href":"https:\/\/notoriginalminis.com\/en\/wp-json\/wp\/v2\/types\/page"}],"author":[{"embeddable":true,"href":"https:\/\/notoriginalminis.com\/en\/wp-json\/wp\/v2\/users\/2"}],"replies":[{"embeddable":true,"href":"https:\/\/notoriginalminis.com\/en\/wp-json\/wp\/v2\/comments?post=840"}],"version-history":[{"count":2,"href":"https:\/\/notoriginalminis.com\/en\/wp-json\/wp\/v2\/pages\/840\/revisions"}],"predecessor-version":[{"id":843,"href":"https:\/\/notoriginalminis.com\/en\/wp-json\/wp\/v2\/pages\/840\/revisions\/843"}],"up":[{"embeddable":true,"href":"https:\/\/notoriginalminis.com\/en\/wp-json\/wp\/v2\/pages\/395"}],"wp:attachment":[{"href":"https:\/\/notoriginalminis.com\/en\/wp-json\/wp\/v2\/media?parent=840"}],"curies":[{"name":"wp","href":"https:\/\/api.w.org\/{rel}","templated":true}]}}