{"id":971,"date":"2017-03-23T16:50:14","date_gmt":"2017-03-23T16:50:14","guid":{"rendered":"https:\/\/notoriginalminis.com\/en\/?page_id=971"},"modified":"2017-03-23T16:56:07","modified_gmt":"2017-03-23T16:56:07","slug":"971-2","status":"publish","type":"page","link":"https:\/\/notoriginalminis.com\/en\/971-2\/","title":{"rendered":"Peter Carr"},"content":{"rendered":"<p><img decoding=\"async\" loading=\"lazy\" class=\"aligncenter size-full wp-image-972\" src=\"https:\/\/notoriginalminis.com\/en\/wp-content\/uploads\/sites\/2\/2017\/03\/MG_8340lo.jpg\" alt=\"\" width=\"1500\" height=\"1000\" srcset=\"https:\/\/notoriginalminis.com\/en\/wp-content\/uploads\/sites\/2\/2017\/03\/MG_8340lo.jpg 1500w, https:\/\/notoriginalminis.com\/en\/wp-content\/uploads\/sites\/2\/2017\/03\/MG_8340lo-300x200.jpg 300w, https:\/\/notoriginalminis.com\/en\/wp-content\/uploads\/sites\/2\/2017\/03\/MG_8340lo-768x512.jpg 768w, https:\/\/notoriginalminis.com\/en\/wp-content\/uploads\/sites\/2\/2017\/03\/MG_8340lo-1024x683.jpg 1024w, https:\/\/notoriginalminis.com\/en\/wp-content\/uploads\/sites\/2\/2017\/03\/MG_8340lo-600x400.jpg 600w, https:\/\/notoriginalminis.com\/en\/wp-content\/uploads\/sites\/2\/2017\/03\/MG_8340lo-900x600.jpg 900w, https:\/\/notoriginalminis.com\/en\/wp-content\/uploads\/sites\/2\/2017\/03\/MG_8340lo-272x182.jpg 272w\" sizes=\"(max-width: 1500px) 100vw, 1500px\"><\/p>\n<p style=\"text-align: center;\">Espa\u00f1ol<\/p>\n<ul>\n<li><em>Autor de la imagen:<\/em>&nbsp;Peter Carr (Whisky &amp; Rye Photography) &#8211; \u00a1Yo!<\/li>\n<li><em>Escala:<\/em>&nbsp;Busto (1\/10)<\/li>\n<li><em>Nombre:<\/em>&nbsp;La encantadora de serpientes<\/li>\n<li><em>\u00bfQu\u00e9 tendr\u00eda de especial esta figura en comparaci\u00f3n a otras del mercado?&nbsp;<\/em><\/li>\n<\/ul>\n<p>No he visto un busto encantador de serpientes. La mayor\u00eda de las esculturas&nbsp;femeninas son interpretaciones de fantas\u00eda poco realistas o representaciones hist\u00f3ricas aburridas. Aqu\u00ed tenemos la oportunidad de hacer algo realista, hist\u00f3rico e interesante.<\/p>\n<ul>\n<li><em>\u00bfLe harias alguna modificaci\u00f3n? (Por ejemplo: alg\u00fan arma de m\u00e1s, distinta pose, etc)<\/em><\/li>\n<\/ul>\n<p>Nada, es perfecto. Pero eso es f\u00e1cil para m\u00ed ya que hice el casting y el armario para la imagen. Sin embargo, el sari podr\u00eda tener m\u00e1s textura y pliegues &#8211; a los pintores les encantan las telas interesantes.<\/p>\n<ul>\n<li><em>\u00bfA qu\u00e9 tipo de p\u00fablico va dirigida? (Por ejemplo: hist\u00f3ricos, de fantasia, jugones, obsesionados con las hurones, etc)<\/em><\/li>\n<\/ul>\n<p>Pintores que le gusten los bustos, tanto fantas\u00eda como hist\u00f3rico.<\/p>\n<ul>\n<li>\n<p class=\"x_p2\">\u00bfPorque crees que tendremos \u00e9xito con ella? (Partimos de la base que seguro que lo tendr\u00e1 ? )<\/p>\n<\/li>\n<\/ul>\n<p>Creo que el busto tendr\u00e1 un amplio atractivo para los pintores hombres y mujeres. Ofrece un tema \u00fanico e interesante y un desaf\u00edo sin representar de manera irrealista la forma femenina mientras sigue siendo fuerte y sexy.<br \/>\n&nbsp;<br \/>\nSaludos<br \/>\n&nbsp;<br \/>\nPeter Carr<\/p>\n<blockquote>\n<p class=\"x_MsoNormal\" style=\"text-align: center;\">English<\/p>\n<ul>\n<li class=\"x_MsoNormal\">Image Author: Peter Carr (whiskey &amp; Rye Photography) \u2013 Me!<\/li>\n<li class=\"x_MsoNormal\">Scale: 1\/10 (Large bust)<\/li>\n<li class=\"x_MsoNormal\">&nbsp;Name of the figure: The snake Charmer<\/li>\n<li class=\"x_MsoNormal\">&nbsp;What would be special about this figure in comparison to others in the market?<\/li>\n<\/ul>\n<p class=\"x_MsoNormal\">&nbsp;I haven\u2019t seen a snake charmer bust. Most female sculpts are either unrealistic fantasy interpretations or dull historical representations. Here we have a chance to do something realistic, historical and interesting.&nbsp;<\/p>\n<ul>\n<li class=\"x_MsoNormal\">&nbsp;Would you do any modification? (For example: another weapon, different pose, etc.)<\/li>\n<\/ul>\n<p class=\"x_MsoNormal\">&nbsp;Nothing, it&#8217;s perfect. But that\u2019s easy for me to say as I did the casting and wardrobe for the image. However, the sari could have more texture and folds \u2013 we painters love interesting fabrics.<\/p>\n<ul>\n<li class=\"x_MsoNormal\">&nbsp;What type of audience is targeted?&nbsp;<\/li>\n<\/ul>\n<p class=\"x_MsoNormal\">&nbsp;Bust painters. This could be fantasy or historical.<\/p>\n<ul>\n<li class=\"x_MsoNormal\">&nbsp;Why do you think we will succeed with it? (We start from the base that we will do :))<\/li>\n<\/ul>\n<p class=\"x_MsoNormal\">&nbsp;I think the bust will have wide appeal for male and female painters. It offers a unique and interesting topic and a challenge without unrealistically representing the female form whilst still being strong and sexy.<\/p>\n<p class=\"x_MsoNormal\">&nbsp;Cheers<\/p>\n<p class=\"x_MsoNormal\">&nbsp;Peter Carr<\/p>\n<\/blockquote>\n<p><strong>Para Votar,<\/strong>&nbsp;comenta o manda un mail<strong>\/to Vote,&nbsp;<\/strong>comment or send a mail<strong>: orders@notoriginalminis.com<\/strong><\/p>\n","protected":false},"excerpt":{"rendered":"<p>Espa\u00f1ol Autor de la imagen:&nbsp;Peter Carr (Whisky &amp; Rye Photography) &#8211; \u00a1Yo! Escala:&nbsp;Busto (1\/10) Nombre:&nbsp;La encantadora de serpientes \u00bfQu\u00e9 tendr\u00eda de especial esta figura en comparaci\u00f3n a otras del mercado?&nbsp; No he visto un busto encantador de serpientes. La mayor\u00eda de las esculturas&nbsp;femeninas son interpretaciones de fantas\u00eda poco realistas o representaciones hist\u00f3ricas aburridas. Aqu\u00ed tenemos [&hellip;]<\/p>\n","protected":false},"author":2,"featured_media":0,"parent":0,"menu_order":0,"comment_status":"open","ping_status":"closed","template":"","meta":{"_bbp_topic_count":0,"_bbp_reply_count":0,"_bbp_total_topic_count":0,"_bbp_total_reply_count":0,"_bbp_voice_count":0,"_bbp_anonymous_reply_count":0,"_bbp_topic_count_hidden":0,"_bbp_reply_count_hidden":0,"_bbp_forum_subforum_count":0,"_genesis_hide_title":false,"_genesis_hide_breadcrumbs":false,"_genesis_hide_singular_image":false,"_genesis_hide_footer_widgets":false,"_genesis_custom_body_class":"","_genesis_custom_post_class":"","_genesis_layout":"","footnotes":""},"yoast_head":"<!-- This site is optimized with the Yoast SEO plugin v21.7 - https:\/\/yoast.com\/wordpress\/plugins\/seo\/ -->\n<title>Peter Carr - NotOriginalMinis<\/title>\n<meta name=\"robots\" content=\"index, follow, max-snippet:-1, max-image-preview:large, max-video-preview:-1\" \/>\n<link rel=\"canonical\" href=\"https:\/\/notoriginalminis.com\/en\/971-2\/\" \/>\n<meta property=\"og:locale\" content=\"en_US\" \/>\n<meta property=\"og:type\" content=\"article\" \/>\n<meta property=\"og:title\" content=\"Peter Carr - NotOriginalMinis\" \/>\n<meta property=\"og:description\" content=\"Espa\u00f1ol Autor de la imagen:&nbsp;Peter Carr (Whisky &amp; Rye Photography) &#8211; \u00a1Yo! Escala:&nbsp;Busto (1\/10) Nombre:&nbsp;La encantadora de serpientes \u00bfQu\u00e9 tendr\u00eda de especial esta figura en comparaci\u00f3n a otras del mercado?&nbsp; No he visto un busto encantador de serpientes. La mayor\u00eda de las esculturas&nbsp;femeninas son interpretaciones de fantas\u00eda poco realistas o representaciones hist\u00f3ricas aburridas. Aqu\u00ed tenemos [&hellip;]\" \/>\n<meta property=\"og:url\" content=\"https:\/\/notoriginalminis.com\/en\/971-2\/\" \/>\n<meta property=\"og:site_name\" content=\"NotOriginalMinis\" \/>\n<meta property=\"article:modified_time\" content=\"2017-03-23T16:56:07+00:00\" \/>\n<meta property=\"og:image\" content=\"https:\/\/notoriginalminis.com\/en\/wp-content\/uploads\/sites\/2\/2017\/03\/MG_8340lo.jpg\" \/>\n<meta name=\"twitter:card\" content=\"summary_large_image\" \/>\n<meta name=\"twitter:label1\" content=\"Est. reading time\" \/>\n\t<meta name=\"twitter:data1\" content=\"2 minutes\" \/>\n<script type=\"application\/ld+json\" class=\"yoast-schema-graph\">{\"@context\":\"https:\/\/schema.org\",\"@graph\":[{\"@type\":\"WebPage\",\"@id\":\"https:\/\/notoriginalminis.com\/en\/971-2\/\",\"url\":\"https:\/\/notoriginalminis.com\/en\/971-2\/\",\"name\":\"Peter Carr - NotOriginalMinis\",\"isPartOf\":{\"@id\":\"https:\/\/notoriginalminis.com\/en\/#website\"},\"datePublished\":\"2017-03-23T16:50:14+00:00\",\"dateModified\":\"2017-03-23T16:56:07+00:00\",\"breadcrumb\":{\"@id\":\"https:\/\/notoriginalminis.com\/en\/971-2\/#breadcrumb\"},\"inLanguage\":\"en-US\",\"potentialAction\":[{\"@type\":\"ReadAction\",\"target\":[\"https:\/\/notoriginalminis.com\/en\/971-2\/\"]}]},{\"@type\":\"BreadcrumbList\",\"@id\":\"https:\/\/notoriginalminis.com\/en\/971-2\/#breadcrumb\",\"itemListElement\":[{\"@type\":\"ListItem\",\"position\":1,\"name\":\"Portada\",\"item\":\"https:\/\/notoriginalminis.com\/en\/\"},{\"@type\":\"ListItem\",\"position\":2,\"name\":\"Peter Carr\"}]},{\"@type\":\"WebSite\",\"@id\":\"https:\/\/notoriginalminis.com\/en\/#website\",\"url\":\"https:\/\/notoriginalminis.com\/en\/\",\"name\":\"NotOriginalMinis\",\"description\":\"Creating &amp; Painting Unique Miniatures\",\"potentialAction\":[{\"@type\":\"SearchAction\",\"target\":{\"@type\":\"EntryPoint\",\"urlTemplate\":\"https:\/\/notoriginalminis.com\/en\/?s={search_term_string}\"},\"query-input\":\"required name=search_term_string\"}],\"inLanguage\":\"en-US\"}]}<\/script>\n<!-- \/ Yoast SEO plugin. -->","yoast_head_json":{"title":"Peter Carr - NotOriginalMinis","robots":{"index":"index","follow":"follow","max-snippet":"max-snippet:-1","max-image-preview":"max-image-preview:large","max-video-preview":"max-video-preview:-1"},"canonical":"https:\/\/notoriginalminis.com\/en\/971-2\/","og_locale":"en_US","og_type":"article","og_title":"Peter Carr - NotOriginalMinis","og_description":"Espa\u00f1ol Autor de la imagen:&nbsp;Peter Carr (Whisky &amp; Rye Photography) &#8211; \u00a1Yo! Escala:&nbsp;Busto (1\/10) Nombre:&nbsp;La encantadora de serpientes \u00bfQu\u00e9 tendr\u00eda de especial esta figura en comparaci\u00f3n a otras del mercado?&nbsp; No he visto un busto encantador de serpientes. La mayor\u00eda de las esculturas&nbsp;femeninas son interpretaciones de fantas\u00eda poco realistas o representaciones hist\u00f3ricas aburridas. Aqu\u00ed tenemos [&hellip;]","og_url":"https:\/\/notoriginalminis.com\/en\/971-2\/","og_site_name":"NotOriginalMinis","article_modified_time":"2017-03-23T16:56:07+00:00","og_image":[{"url":"https:\/\/notoriginalminis.com\/en\/wp-content\/uploads\/sites\/2\/2017\/03\/MG_8340lo.jpg"}],"twitter_card":"summary_large_image","twitter_misc":{"Est. reading time":"2 minutes"},"schema":{"@context":"https:\/\/schema.org","@graph":[{"@type":"WebPage","@id":"https:\/\/notoriginalminis.com\/en\/971-2\/","url":"https:\/\/notoriginalminis.com\/en\/971-2\/","name":"Peter Carr - NotOriginalMinis","isPartOf":{"@id":"https:\/\/notoriginalminis.com\/en\/#website"},"datePublished":"2017-03-23T16:50:14+00:00","dateModified":"2017-03-23T16:56:07+00:00","breadcrumb":{"@id":"https:\/\/notoriginalminis.com\/en\/971-2\/#breadcrumb"},"inLanguage":"en-US","potentialAction":[{"@type":"ReadAction","target":["https:\/\/notoriginalminis.com\/en\/971-2\/"]}]},{"@type":"BreadcrumbList","@id":"https:\/\/notoriginalminis.com\/en\/971-2\/#breadcrumb","itemListElement":[{"@type":"ListItem","position":1,"name":"Portada","item":"https:\/\/notoriginalminis.com\/en\/"},{"@type":"ListItem","position":2,"name":"Peter Carr"}]},{"@type":"WebSite","@id":"https:\/\/notoriginalminis.com\/en\/#website","url":"https:\/\/notoriginalminis.com\/en\/","name":"NotOriginalMinis","description":"Creating &amp; Painting Unique Miniatures","potentialAction":[{"@type":"SearchAction","target":{"@type":"EntryPoint","urlTemplate":"https:\/\/notoriginalminis.com\/en\/?s={search_term_string}"},"query-input":"required name=search_term_string"}],"inLanguage":"en-US"}]}},"jetpack_sharing_enabled":true,"_links":{"self":[{"href":"https:\/\/notoriginalminis.com\/en\/wp-json\/wp\/v2\/pages\/971"}],"collection":[{"href":"https:\/\/notoriginalminis.com\/en\/wp-json\/wp\/v2\/pages"}],"about":[{"href":"https:\/\/notoriginalminis.com\/en\/wp-json\/wp\/v2\/types\/page"}],"author":[{"embeddable":true,"href":"https:\/\/notoriginalminis.com\/en\/wp-json\/wp\/v2\/users\/2"}],"replies":[{"embeddable":true,"href":"https:\/\/notoriginalminis.com\/en\/wp-json\/wp\/v2\/comments?post=971"}],"version-history":[{"count":3,"href":"https:\/\/notoriginalminis.com\/en\/wp-json\/wp\/v2\/pages\/971\/revisions"}],"predecessor-version":[{"id":976,"href":"https:\/\/notoriginalminis.com\/en\/wp-json\/wp\/v2\/pages\/971\/revisions\/976"}],"wp:attachment":[{"href":"https:\/\/notoriginalminis.com\/en\/wp-json\/wp\/v2\/media?parent=971"}],"curies":[{"name":"wp","href":"https:\/\/api.w.org\/{rel}","templated":true}]}}